{"id":79,"date":"2022-03-07T13:35:17","date_gmt":"2022-03-07T12:35:17","guid":{"rendered":"http:\/\/2022.checkpoint-freiburg.de\/?page_id=79"},"modified":"2025-06-18T15:47:12","modified_gmt":"2025-06-18T13:47:12","slug":"migration","status":"publish","type":"page","link":"https:\/\/checkpoint-freiburg.de\/en\/migration\/","title":{"rendered":"Migration"},"content":{"rendered":"<div data-elementor-type=\"wp-page\" data-elementor-id=\"79\" class=\"elementor elementor-79\" data-elementor-post-type=\"page\">\n\t\t\t\t\t\t<section class=\"elementor-section elementor-top-section elementor-element elementor-element-bcc0445 elementor-section-boxed elementor-section-height-default elementor-section-height-default\" data-id=\"bcc0445\" data-element_type=\"section\" data-settings=\"{&quot;background_background&quot;:&quot;classic&quot;}\">\n\t\t\t\t\t\t<div class=\"elementor-container elementor-column-gap-default\">\n\t\t\t\t\t<div class=\"elementor-column elementor-col-100 elementor-top-column elementor-element elementor-element-4c56110a\" data-id=\"4c56110a\" data-element_type=\"column\" data-settings=\"{&quot;background_background&quot;:&quot;classic&quot;}\">\n\t\t\t<div class=\"elementor-widget-wrap elementor-element-populated\">\n\t\t\t\t\t\t<div class=\"elementor-element elementor-element-93602e9 elementor-widget elementor-widget-heading\" data-id=\"93602e9\" data-element_type=\"widget\" data-widget_type=\"heading.default\">\n\t\t\t\t<div class=\"elementor-widget-container\">\n\t\t\t\t\t<h2 class=\"elementor-heading-title elementor-size-default\">TEST- UND BERATUNGSSTELLE ZUR SEXUELLEN GESUNDHEIT ANGEBOTE F\u00dcR MIGRANTINNEN UND MIGRANTEN<\/h2>\t\t\t\t<\/div>\n\t\t\t\t<\/div>\n\t\t\t\t<div class=\"elementor-element elementor-element-0539b3c elementor-widget elementor-widget-heading\" data-id=\"0539b3c\" data-element_type=\"widget\" data-widget_type=\"heading.default\">\n\t\t\t\t<div class=\"elementor-widget-container\">\n\t\t\t\t\t<h2 class=\"elementor-heading-title elementor-size-default\">TEST AND ADVICE CENTER FOR SEXUAL HEALTH ADVICE FOR MIGRANTS<\/h2>\t\t\t\t<\/div>\n\t\t\t\t<\/div>\n\t\t\t\t<div class=\"elementor-element elementor-element-ab81354 elementor-widget elementor-widget-heading\" data-id=\"ab81354\" data-element_type=\"widget\" data-widget_type=\"heading.default\">\n\t\t\t\t<div class=\"elementor-widget-container\">\n\t\t\t\t\t<h2 class=\"elementor-heading-title elementor-size-default\">MST ET SANT\u00c9 SEXUELLE: D\u00c9PISTAGE ET CONSEILS SERVICES POUR LES MIGRANTES ET LES MIGRANTS<\/h2>\t\t\t\t<\/div>\n\t\t\t\t<\/div>\n\t\t\t\t<div class=\"elementor-element elementor-element-7bb52ac elementor-widget elementor-widget-heading\" data-id=\"7bb52ac\" data-element_type=\"widget\" data-widget_type=\"heading.default\">\n\t\t\t\t<div class=\"elementor-widget-container\">\n\t\t\t\t\t<h2 class=\"elementor-heading-title elementor-size-default\">\u0645\u0643\u062a\u0628 \u0627\u0644\u0641\u062d\u0635 \u0648\u062a\u0642\u062f\u064a\u0645 \u0627\u0644\u0646\u0635\u0627\u0626\u062d \u0644\u0644\u0635\u062d\u0629 \u0627\u0644\u062c\u0646\u0633\u064a\u0629 . \u0639\u0631\u0636 \u0645\u062c\u0627\u0646\u064a \u0644\u0644\u0645\u063a\u062a\u0631\u0628\u0627\u062a \u0648 \u0627\u0644\u0645\u063a\u062a\u0631\u0628\u064a\u0646<\/h2>\t\t\t\t<\/div>\n\t\t\t\t<\/div>\n\t\t\t\t\t<\/div>\n\t\t<\/div>\n\t\t\t\t\t<\/div>\n\t\t<\/section>\n\t\t\t\t<article class=\"elementor-section elementor-top-section elementor-element elementor-element-65a7860a elementor-section-boxed elementor-section-height-default elementor-section-height-default\" data-id=\"65a7860a\" data-element_type=\"section\" data-settings=\"{&quot;background_background&quot;:&quot;classic&quot;}\">\n\t\t\t\t\t\t<div class=\"elementor-container elementor-column-gap-default\">\n\t\t\t\t\t<div class=\"elementor-column elementor-col-25 elementor-top-column elementor-element elementor-element-16ea8d7\" data-id=\"16ea8d7\" data-element_type=\"column\" data-settings=\"{&quot;background_background&quot;:&quot;classic&quot;}\">\n\t\t\t<div class=\"elementor-widget-wrap elementor-element-populated\">\n\t\t\t\t\t\t<div class=\"elementor-element elementor-element-34bc916 elementor-widget elementor-widget-text-editor\" data-id=\"34bc916\" data-element_type=\"widget\" data-widget_type=\"text-editor.default\">\n\t\t\t\t<div class=\"elementor-widget-container\">\n\t\t\t\t\t\t\t\t\t<h3>WIR BIETEN EINE ANONYME UND VERTRAULICHE\u00a0<br \/>BERATUNG ZU:<\/h3><ul><li>sexueller Gesundheit<\/li><li>sexuell \u00fcbertragbaren <br \/>Infektionen &amp; HIV<\/li><li>Schutzm\u00f6glichkeiten<\/li><li>sexueller Orientierung<\/li><\/ul><p>\u00a0<\/p><p>Du kannst dich auf Chlamydien, <br \/>Gonorrhoe (Tripper) und HIV <br \/>testen lassen.<\/p>\t\t\t\t\t\t\t\t<\/div>\n\t\t\t\t<\/div>\n\t\t\t\t\t<\/div>\n\t\t<\/div>\n\t\t\t\t<div class=\"elementor-column elementor-col-25 elementor-top-column elementor-element elementor-element-4606a368\" data-id=\"4606a368\" data-element_type=\"column\" data-settings=\"{&quot;background_background&quot;:&quot;classic&quot;}\">\n\t\t\t<div class=\"elementor-widget-wrap elementor-element-populated\">\n\t\t\t\t\t\t<div class=\"elementor-element elementor-element-ae72854 elementor-widget elementor-widget-text-editor\" data-id=\"ae72854\" data-element_type=\"widget\" data-widget_type=\"text-editor.default\">\n\t\t\t\t<div class=\"elementor-widget-container\">\n\t\t\t\t\t\t\t\t\t<h3>WE OFFER ANONYMOUS AND CONFIDENTIAL <br \/>ADVICE ABOUT:<\/h3><ul><li>sexual health<br \/>sexually transmitted <br \/>infections and\u00a0 HIV<\/li><li>how you can protect yourself<\/li><li>sexual orientation<\/li><\/ul><p>\u00a0<\/p><p>You can get tested for chlamydia, <br \/>gonorrhea and HIV.<\/p>\t\t\t\t\t\t\t\t<\/div>\n\t\t\t\t<\/div>\n\t\t\t\t\t<\/div>\n\t\t<\/div>\n\t\t\t\t<div class=\"elementor-column elementor-col-25 elementor-top-column elementor-element elementor-element-7dc4cfe\" data-id=\"7dc4cfe\" data-element_type=\"column\" data-settings=\"{&quot;background_background&quot;:&quot;classic&quot;}\">\n\t\t\t<div class=\"elementor-widget-wrap elementor-element-populated\">\n\t\t\t\t\t\t<div class=\"elementor-element elementor-element-8b18adb elementor-widget elementor-widget-text-editor\" data-id=\"8b18adb\" data-element_type=\"widget\" data-widget_type=\"text-editor.default\">\n\t\t\t\t<div class=\"elementor-widget-container\">\n\t\t\t\t\t\t\t\t\t<h3>NOUS PROPOSONS DES CONSEILS SUR LES SUJETS SUIVANTS<\/h3><p>anonymat et confidentialit\u00e9 <br \/>garantis:<\/p><ul><li>sant\u00e9 sexuelle<br \/>infections sexuellement <br \/>transmissibles et VIH<\/li><li>moyens de pr\u00e9vention<\/li><li>orientation sexuelle<\/li><\/ul><p>\u00a0<\/p><p>D\u00e9pistages possibles: chlamydies, gonocoques et VIH.<\/p><p>Les entretiens peuvent se faire en \u00a0pr\u00e9sence d&#8217;un ou d&#8217;une interpr\u00e8te <br \/>(sur demande).<\/p>\t\t\t\t\t\t\t\t<\/div>\n\t\t\t\t<\/div>\n\t\t\t\t\t<\/div>\n\t\t<\/div>\n\t\t\t\t<div class=\"elementor-column elementor-col-25 elementor-top-column elementor-element elementor-element-f0a728b\" data-id=\"f0a728b\" data-element_type=\"column\" data-settings=\"{&quot;background_background&quot;:&quot;classic&quot;}\">\n\t\t\t<div class=\"elementor-widget-wrap elementor-element-populated\">\n\t\t\t\t\t\t<div class=\"elementor-element elementor-element-99d6a74 elementor-widget elementor-widget-text-editor\" data-id=\"99d6a74\" data-element_type=\"widget\" data-widget_type=\"text-editor.default\">\n\t\t\t\t<div class=\"elementor-widget-container\">\n\t\t\t\t\t\t\t\t\t<h3 dir=\"rtl\"><b>\u0646\u062d\u0646\u202d \u202c\u0646\u0642\u062f\u0645\u202d \u202c\u0627\u0644\u0646\u0635\u0627\u0626\u062d\u202d \u202c\u0628\u0635\u0648\u0631\u0629\u202d \u202c\u0633\u0631\u064a\u0629\u202d\u00a0 \u202c\u0648\u0628\u0643\u0644\u202d \u202c\u0623\u0645\u0627\u0646\u0629\u202d \u202c\u0644\u0645\u0627\u202d \u202c\u064a\u0644\u064a\u202d :\u202c<\/b><\/h3><p dir=\"rtl\"><b>\u202d* \u202c\u062d\u064a\u0627\u0629\u202d \u202c\u062c\u0646\u0633\u064a\u0629\u202d \u202c\u0635\u062d\u064a\u0629<\/b><\/p><p dir=\"rtl\"><b>\u202d* \u202c\u0627\u0644\u0623\u0645\u0631\u0627\u0636\u202d \u202c\u0627\u0644\u0645\u0646\u062a\u0642\u0644\u0629\u202d \u202c\u0639\u0646\u202d \u202c\u0637\u0631\u064a\u0642<br \/>\u202d \u202c\u0627\u0644\u062c\u0646\u0633\u202d \u202c\u0648\u202d\u00a0 \u202c\u0641\u064a\u0631\u0648\u0633\u202d \u202c\u0627\u0644\u0627\u064a\u062f\u0632<\/b><\/p><p dir=\"rtl\"><b>\u202d* \u202c\u0637\u0631\u0642\u202d \u202c\u0627\u0644\u0648\u0642\u0627\u064a\u0629\u202d \u202c<\/b><\/p><p dir=\"rtl\"><b>\u202d* \u202c\u0627\u0644\u062a\u0648\u062c\u064a\u0647\u202d \u202c\u0627\u0644\u062c\u0646\u0633\u064a<\/b><\/p><p dir=\"rtl\"><b>\u0628\u0625\u0645\u0643\u0627\u0646\u0643\u0645\u202d \u202c\u0627\u062c\u0631\u0627\u0621\u202d \u202c\u0627\u0644\u0641\u062d\u0648\u0635\u0627\u062a\u202d \u202c\u0645\u062c\u0627\u0646\u0627\u202d&#8220; \u202c<\/b><\/p><p dir=\"rtl\"><b>\u0644\u0644\u0623\u0645\u0631\u0627\u0636\u202d \u202c\u0627\u0644\u0645\u0646\u062a\u0642\u0644\u0629\u202d \u202c\u062c\u0646\u0633\u064a\u0627\u202d&#8220;\u202c<\/b><\/p><p dir=\"rtl\"><b>\u202d(\u202c\u0627\u0644\u0643\u0644\u0627\u0645\u064a\u062f\u064a\u0627\u202d,\u202c\u0627\u0644\u0633\u064a\u0644\u0627\u0646\u202d \u202c\u0627\u0644\u0628\u0646\u064a\u202d,\u202c\u0627\u0644\u0627\u064a\u062f\u0632\u202d)\u202c<\/b><\/p><p dir=\"rtl\"><b>\u0627\u0644\u0646\u0635\u0627\u0626\u062d\u202d \u202c\u064a\u0645\u0643\u0646\u202d \u202c\u062a\u0642\u062f\u064a\u0645\u0647\u0627\u202d \u202c\u0627\u064a\u0636\u0627\u064b\u202d \u202c\u0628\u0646\u0627\u0621\u064b\u202d \u202c\u0639\u0644\u0649\u202d \u202c\u0637\u0644\u0628\u0643\u0645\u202d \u202c\u0627\u0644\u062e\u0627\u0635\u202d \u202c\u0648\u0628\u0645\u0633\u0627\u0639\u062f\u0629\u202d \u202c\u0645\u062a\u0631\u062c\u0645\u0629\u202d \u202c\u0627\u0648\u202d \u202c\u0645\u062a\u0631\u062c\u0645<\/b><\/p>\t\t\t\t\t\t\t\t<\/div>\n\t\t\t\t<\/div>\n\t\t\t\t\t<\/div>\n\t\t<\/div>\n\t\t\t\t\t<\/div>\n\t\t<\/article>\n\t\t\t\t<article class=\"elementor-section elementor-top-section elementor-element elementor-element-1590978 elementor-section-boxed elementor-section-height-default elementor-section-height-default\" data-id=\"1590978\" data-element_type=\"section\" data-settings=\"{&quot;background_background&quot;:&quot;classic&quot;}\">\n\t\t\t\t\t\t<div class=\"elementor-container elementor-column-gap-default\">\n\t\t\t\t\t<div class=\"elementor-column elementor-col-50 elementor-top-column elementor-element elementor-element-7a7f0d5\" data-id=\"7a7f0d5\" data-element_type=\"column\" data-settings=\"{&quot;background_background&quot;:&quot;classic&quot;}\">\n\t\t\t<div class=\"elementor-widget-wrap elementor-element-populated\">\n\t\t\t\t\t\t<div class=\"elementor-element elementor-element-2469997 elementor-widget elementor-widget-image\" data-id=\"2469997\" data-element_type=\"widget\" data-widget_type=\"image.default\">\n\t\t\t\t<div class=\"elementor-widget-container\">\n\t\t\t\t\t\t\t\t\t\t\t\t\t\t\t<img fetchpriority=\"high\" decoding=\"async\" width=\"520\" height=\"350\" src=\"https:\/\/checkpoint-freiburg.de\/wp-content\/uploads\/2023\/05\/Johanna.jpg\" class=\"attachment-large size-large wp-image-909\" alt=\"Foto von Johanna\" srcset=\"https:\/\/checkpoint-freiburg.de\/wp-content\/uploads\/2023\/05\/Johanna.jpg 520w, https:\/\/checkpoint-freiburg.de\/wp-content\/uploads\/2023\/05\/Johanna-300x202.jpg 300w, https:\/\/checkpoint-freiburg.de\/wp-content\/uploads\/2023\/05\/Johanna-18x12.jpg 18w\" sizes=\"(max-width: 520px) 100vw, 520px\" \/>\t\t\t\t\t\t\t\t\t\t\t\t\t\t\t<\/div>\n\t\t\t\t<\/div>\n\t\t\t\t\t<\/div>\n\t\t<\/div>\n\t\t\t\t<div class=\"elementor-column elementor-col-50 elementor-top-column elementor-element elementor-element-d36f1b6\" data-id=\"d36f1b6\" data-element_type=\"column\" data-settings=\"{&quot;background_background&quot;:&quot;classic&quot;}\">\n\t\t\t<div class=\"elementor-widget-wrap elementor-element-populated\">\n\t\t\t\t\t\t<div class=\"elementor-element elementor-element-86a380c elementor-widget elementor-widget-text-editor\" data-id=\"86a380c\" data-element_type=\"widget\" data-widget_type=\"text-editor.default\">\n\t\t\t\t<div class=\"elementor-widget-container\">\n\t\t\t\t\t\t\t\t\t<h2>Contact Person:<\/h2><p>Johanna Trost<br \/>Telefon: 0761 \/ 151 46 64 16<\/p><p><a href=\"mailto:johanna.trost@checkpointaidshilfe.de\">johanna.trost@checkpointaidshilfe.de<\/a><\/p><p>Consultations in several languages possible <br \/>(on prior request)<\/p>\t\t\t\t\t\t\t\t<\/div>\n\t\t\t\t<\/div>\n\t\t\t\t\t<\/div>\n\t\t<\/div>\n\t\t\t\t\t<\/div>\n\t\t<\/article>\n\t\t\t\t<\/div>","protected":false},"excerpt":{"rendered":"<p>TEST- UND BERATUNGSSTELLE ZUR SEXUELLEN GESUNDHEIT ANGEBOTE F\u00dcR MIGRANTINNEN UND MIGRANTEN TEST AND ADVICE CENTER FOR SEXUAL HEALTH ADVICE FOR MIGRANTS MST ET SANT\u00c9 SEXUELLE: D\u00c9PISTAGE ET CONSEILS SERVICES POUR LES MIGRANTES ET LES MIGRANTS \u0645\u0643\u062a\u0628 \u0627\u0644\u0641\u062d\u0635 \u0648\u062a\u0642\u062f\u064a\u0645 \u0627\u0644\u0646\u0635\u0627\u0626\u062d \u0644\u0644\u0635\u062d\u0629 \u0627\u0644\u062c\u0646\u0633\u064a\u0629 . \u0639\u0631\u0636 \u0645\u062c\u0627\u0646\u064a \u0644\u0644\u0645\u063a\u062a\u0631\u0628\u0627\u062a \u0648 \u0627\u0644\u0645\u063a\u062a\u0631\u0628\u064a\u0646 WIR BIETEN EINE ANONYME UND VERTRAULICHE\u00a0BERATUNG ZU: sexueller [&hellip;]<\/p>","protected":false},"author":1,"featured_media":0,"parent":0,"menu_order":0,"comment_status":"closed","ping_status":"closed","template":"","meta":{"footnotes":""},"class_list":["post-79","page","type-page","status-publish","hentry"],"yoast_head":"<!-- This site is optimized with the Yoast SEO plugin v26.7 - https:\/\/yoast.com\/wordpress\/plugins\/seo\/ -->\n<title>Migration - Checkpoint Freiburg<\/title>\n<meta name=\"robots\" content=\"index, follow, max-snippet:-1, max-image-preview:large, max-video-preview:-1\" \/>\n<link rel=\"canonical\" href=\"https:\/\/checkpoint-freiburg.de\/en\/migration\/\" \/>\n<meta property=\"og:locale\" content=\"en_GB\" \/>\n<meta property=\"og:type\" content=\"article\" \/>\n<meta property=\"og:title\" content=\"Migration - Checkpoint Freiburg\" \/>\n<meta property=\"og:description\" content=\"TEST- UND BERATUNGSSTELLE ZUR SEXUELLEN GESUNDHEIT ANGEBOTE F\u00dcR MIGRANTINNEN UND MIGRANTEN TEST AND ADVICE CENTER FOR SEXUAL HEALTH ADVICE FOR MIGRANTS MST ET SANT\u00c9 SEXUELLE: D\u00c9PISTAGE ET CONSEILS SERVICES POUR LES MIGRANTES ET LES MIGRANTS \u0645\u0643\u062a\u0628 \u0627\u0644\u0641\u062d\u0635 \u0648\u062a\u0642\u062f\u064a\u0645 \u0627\u0644\u0646\u0635\u0627\u0626\u062d \u0644\u0644\u0635\u062d\u0629 \u0627\u0644\u062c\u0646\u0633\u064a\u0629 . \u0639\u0631\u0636 \u0645\u062c\u0627\u0646\u064a \u0644\u0644\u0645\u063a\u062a\u0631\u0628\u0627\u062a \u0648 \u0627\u0644\u0645\u063a\u062a\u0631\u0628\u064a\u0646 WIR BIETEN EINE ANONYME UND VERTRAULICHE\u00a0BERATUNG ZU: sexueller [&hellip;]\" \/>\n<meta property=\"og:url\" content=\"https:\/\/checkpoint-freiburg.de\/en\/migration\/\" \/>\n<meta property=\"og:site_name\" content=\"Checkpoint Freiburg\" \/>\n<meta property=\"article:modified_time\" content=\"2025-06-18T13:47:12+00:00\" \/>\n<meta property=\"og:image\" content=\"https:\/\/checkpoint-freiburg.de\/wp-content\/uploads\/2023\/05\/Johanna.jpg\" \/>\n\t<meta property=\"og:image:width\" content=\"520\" \/>\n\t<meta property=\"og:image:height\" content=\"350\" \/>\n\t<meta property=\"og:image:type\" content=\"image\/jpeg\" \/>\n<meta name=\"twitter:card\" content=\"summary_large_image\" \/>\n<meta name=\"twitter:label1\" content=\"Estimated reading time\" \/>\n\t<meta name=\"twitter:data1\" content=\"2 minutes\" \/>\n<script type=\"application\/ld+json\" class=\"yoast-schema-graph\">{\"@context\":\"https:\/\/schema.org\",\"@graph\":[{\"@type\":\"WebPage\",\"@id\":\"https:\/\/checkpoint-freiburg.de\/migration\/\",\"url\":\"https:\/\/checkpoint-freiburg.de\/migration\/\",\"name\":\"Migration - Checkpoint Freiburg\",\"isPartOf\":{\"@id\":\"https:\/\/checkpoint-freiburg.de\/#website\"},\"primaryImageOfPage\":{\"@id\":\"https:\/\/checkpoint-freiburg.de\/migration\/#primaryimage\"},\"image\":{\"@id\":\"https:\/\/checkpoint-freiburg.de\/migration\/#primaryimage\"},\"thumbnailUrl\":\"https:\/\/checkpoint-freiburg.de\/wp-content\/uploads\/2023\/05\/Johanna.jpg\",\"datePublished\":\"2022-03-07T12:35:17+00:00\",\"dateModified\":\"2025-06-18T13:47:12+00:00\",\"breadcrumb\":{\"@id\":\"https:\/\/checkpoint-freiburg.de\/migration\/#breadcrumb\"},\"inLanguage\":\"en-GB\",\"potentialAction\":[{\"@type\":\"ReadAction\",\"target\":[\"https:\/\/checkpoint-freiburg.de\/migration\/\"]}]},{\"@type\":\"ImageObject\",\"inLanguage\":\"en-GB\",\"@id\":\"https:\/\/checkpoint-freiburg.de\/migration\/#primaryimage\",\"url\":\"https:\/\/checkpoint-freiburg.de\/wp-content\/uploads\/2023\/05\/Johanna.jpg\",\"contentUrl\":\"https:\/\/checkpoint-freiburg.de\/wp-content\/uploads\/2023\/05\/Johanna.jpg\"},{\"@type\":\"BreadcrumbList\",\"@id\":\"https:\/\/checkpoint-freiburg.de\/migration\/#breadcrumb\",\"itemListElement\":[{\"@type\":\"ListItem\",\"position\":1,\"name\":\"Startseite\",\"item\":\"https:\/\/checkpoint-freiburg.de\/\"},{\"@type\":\"ListItem\",\"position\":2,\"name\":\"Migration\"}]},{\"@type\":\"WebSite\",\"@id\":\"https:\/\/checkpoint-freiburg.de\/#website\",\"url\":\"https:\/\/checkpoint-freiburg.de\/\",\"name\":\"Checkpoint Freiburg\",\"description\":\"\",\"publisher\":{\"@id\":\"https:\/\/checkpoint-freiburg.de\/#organization\"},\"potentialAction\":[{\"@type\":\"SearchAction\",\"target\":{\"@type\":\"EntryPoint\",\"urlTemplate\":\"https:\/\/checkpoint-freiburg.de\/?s={search_term_string}\"},\"query-input\":{\"@type\":\"PropertyValueSpecification\",\"valueRequired\":true,\"valueName\":\"search_term_string\"}}],\"inLanguage\":\"en-GB\"},{\"@type\":\"Organization\",\"@id\":\"https:\/\/checkpoint-freiburg.de\/#organization\",\"name\":\"Checkpoint Aidshilfe Freiburg\",\"url\":\"https:\/\/checkpoint-freiburg.de\/\",\"logo\":{\"@type\":\"ImageObject\",\"inLanguage\":\"en-GB\",\"@id\":\"https:\/\/checkpoint-freiburg.de\/#\/schema\/logo\/image\/\",\"url\":\"https:\/\/checkpoint-freiburg.de\/wp-content\/uploads\/2022\/03\/checkpoint_logo.png\",\"contentUrl\":\"https:\/\/checkpoint-freiburg.de\/wp-content\/uploads\/2022\/03\/checkpoint_logo.png\",\"width\":700,\"height\":161,\"caption\":\"Checkpoint Aidshilfe Freiburg\"},\"image\":{\"@id\":\"https:\/\/checkpoint-freiburg.de\/#\/schema\/logo\/image\/\"}}]}<\/script>\n<!-- \/ Yoast SEO plugin. -->","yoast_head_json":{"title":"Migration - Checkpoint Freiburg","robots":{"index":"index","follow":"follow","max-snippet":"max-snippet:-1","max-image-preview":"max-image-preview:large","max-video-preview":"max-video-preview:-1"},"canonical":"https:\/\/checkpoint-freiburg.de\/en\/migration\/","og_locale":"en_GB","og_type":"article","og_title":"Migration - Checkpoint Freiburg","og_description":"TEST- UND BERATUNGSSTELLE ZUR SEXUELLEN GESUNDHEIT ANGEBOTE F\u00dcR MIGRANTINNEN UND MIGRANTEN TEST AND ADVICE CENTER FOR SEXUAL HEALTH ADVICE FOR MIGRANTS MST ET SANT\u00c9 SEXUELLE: D\u00c9PISTAGE ET CONSEILS SERVICES POUR LES MIGRANTES ET LES MIGRANTS \u0645\u0643\u062a\u0628 \u0627\u0644\u0641\u062d\u0635 \u0648\u062a\u0642\u062f\u064a\u0645 \u0627\u0644\u0646\u0635\u0627\u0626\u062d \u0644\u0644\u0635\u062d\u0629 \u0627\u0644\u062c\u0646\u0633\u064a\u0629 . \u0639\u0631\u0636 \u0645\u062c\u0627\u0646\u064a \u0644\u0644\u0645\u063a\u062a\u0631\u0628\u0627\u062a \u0648 \u0627\u0644\u0645\u063a\u062a\u0631\u0628\u064a\u0646 WIR BIETEN EINE ANONYME UND VERTRAULICHE\u00a0BERATUNG ZU: sexueller [&hellip;]","og_url":"https:\/\/checkpoint-freiburg.de\/en\/migration\/","og_site_name":"Checkpoint Freiburg","article_modified_time":"2025-06-18T13:47:12+00:00","og_image":[{"width":520,"height":350,"url":"https:\/\/checkpoint-freiburg.de\/wp-content\/uploads\/2023\/05\/Johanna.jpg","type":"image\/jpeg"}],"twitter_card":"summary_large_image","twitter_misc":{"Estimated reading time":"2 minutes"},"schema":{"@context":"https:\/\/schema.org","@graph":[{"@type":"WebPage","@id":"https:\/\/checkpoint-freiburg.de\/migration\/","url":"https:\/\/checkpoint-freiburg.de\/migration\/","name":"Migration - Checkpoint Freiburg","isPartOf":{"@id":"https:\/\/checkpoint-freiburg.de\/#website"},"primaryImageOfPage":{"@id":"https:\/\/checkpoint-freiburg.de\/migration\/#primaryimage"},"image":{"@id":"https:\/\/checkpoint-freiburg.de\/migration\/#primaryimage"},"thumbnailUrl":"https:\/\/checkpoint-freiburg.de\/wp-content\/uploads\/2023\/05\/Johanna.jpg","datePublished":"2022-03-07T12:35:17+00:00","dateModified":"2025-06-18T13:47:12+00:00","breadcrumb":{"@id":"https:\/\/checkpoint-freiburg.de\/migration\/#breadcrumb"},"inLanguage":"en-GB","potentialAction":[{"@type":"ReadAction","target":["https:\/\/checkpoint-freiburg.de\/migration\/"]}]},{"@type":"ImageObject","inLanguage":"en-GB","@id":"https:\/\/checkpoint-freiburg.de\/migration\/#primaryimage","url":"https:\/\/checkpoint-freiburg.de\/wp-content\/uploads\/2023\/05\/Johanna.jpg","contentUrl":"https:\/\/checkpoint-freiburg.de\/wp-content\/uploads\/2023\/05\/Johanna.jpg"},{"@type":"BreadcrumbList","@id":"https:\/\/checkpoint-freiburg.de\/migration\/#breadcrumb","itemListElement":[{"@type":"ListItem","position":1,"name":"Startseite","item":"https:\/\/checkpoint-freiburg.de\/"},{"@type":"ListItem","position":2,"name":"Migration"}]},{"@type":"WebSite","@id":"https:\/\/checkpoint-freiburg.de\/#website","url":"https:\/\/checkpoint-freiburg.de\/","name":"Checkpoint Freiburg","description":"","publisher":{"@id":"https:\/\/checkpoint-freiburg.de\/#organization"},"potentialAction":[{"@type":"SearchAction","target":{"@type":"EntryPoint","urlTemplate":"https:\/\/checkpoint-freiburg.de\/?s={search_term_string}"},"query-input":{"@type":"PropertyValueSpecification","valueRequired":true,"valueName":"search_term_string"}}],"inLanguage":"en-GB"},{"@type":"Organization","@id":"https:\/\/checkpoint-freiburg.de\/#organization","name":"Checkpoint Aidshilfe Freiburg","url":"https:\/\/checkpoint-freiburg.de\/","logo":{"@type":"ImageObject","inLanguage":"en-GB","@id":"https:\/\/checkpoint-freiburg.de\/#\/schema\/logo\/image\/","url":"https:\/\/checkpoint-freiburg.de\/wp-content\/uploads\/2022\/03\/checkpoint_logo.png","contentUrl":"https:\/\/checkpoint-freiburg.de\/wp-content\/uploads\/2022\/03\/checkpoint_logo.png","width":700,"height":161,"caption":"Checkpoint Aidshilfe Freiburg"},"image":{"@id":"https:\/\/checkpoint-freiburg.de\/#\/schema\/logo\/image\/"}}]}},"_links":{"self":[{"href":"https:\/\/checkpoint-freiburg.de\/en\/wp-json\/wp\/v2\/pages\/79","targetHints":{"allow":["GET"]}}],"collection":[{"href":"https:\/\/checkpoint-freiburg.de\/en\/wp-json\/wp\/v2\/pages"}],"about":[{"href":"https:\/\/checkpoint-freiburg.de\/en\/wp-json\/wp\/v2\/types\/page"}],"author":[{"embeddable":true,"href":"https:\/\/checkpoint-freiburg.de\/en\/wp-json\/wp\/v2\/users\/1"}],"replies":[{"embeddable":true,"href":"https:\/\/checkpoint-freiburg.de\/en\/wp-json\/wp\/v2\/comments?post=79"}],"version-history":[{"count":73,"href":"https:\/\/checkpoint-freiburg.de\/en\/wp-json\/wp\/v2\/pages\/79\/revisions"}],"predecessor-version":[{"id":1411,"href":"https:\/\/checkpoint-freiburg.de\/en\/wp-json\/wp\/v2\/pages\/79\/revisions\/1411"}],"wp:attachment":[{"href":"https:\/\/checkpoint-freiburg.de\/en\/wp-json\/wp\/v2\/media?parent=79"}],"curies":[{"name":"wp","href":"https:\/\/api.w.org\/{rel}","templated":true}]}}