{"id":481,"date":"2022-03-08T16:34:21","date_gmt":"2022-03-08T15:34:21","guid":{"rendered":"http:\/\/2022.checkpoint-freiburg.de\/?page_id=481"},"modified":"2026-01-07T14:03:26","modified_gmt":"2026-01-07T13:03:26","slug":"impressum","status":"publish","type":"page","link":"https:\/\/checkpoint-freiburg.de\/en\/impressum\/","title":{"rendered":"Imprint"},"content":{"rendered":"<div data-elementor-type=\"wp-page\" data-elementor-id=\"481\" class=\"elementor elementor-481\" data-elementor-post-type=\"page\">\n\t\t\t\t\t\t<section class=\"elementor-section elementor-top-section elementor-element elementor-element-30725166 elementor-section-boxed elementor-section-height-default elementor-section-height-default\" data-id=\"30725166\" data-element_type=\"section\" data-settings=\"{&quot;background_background&quot;:&quot;classic&quot;}\">\n\t\t\t\t\t\t<div class=\"elementor-container elementor-column-gap-default\">\n\t\t\t\t\t<div class=\"elementor-column elementor-col-100 elementor-top-column elementor-element elementor-element-7b4dace1\" data-id=\"7b4dace1\" data-element_type=\"column\" data-settings=\"{&quot;background_background&quot;:&quot;classic&quot;}\">\n\t\t\t<div class=\"elementor-widget-wrap elementor-element-populated\">\n\t\t\t\t\t\t<div class=\"elementor-element elementor-element-5dc33b9 elementor-widget elementor-widget-text-editor\" data-id=\"5dc33b9\" data-element_type=\"widget\" data-widget_type=\"text-editor.default\">\n\t\t\t\t<div class=\"elementor-widget-container\">\n\t\t\t\t\t\t\t\t\t<h2><strong>Zentrum f\u00fcr Sexuelle Gesundheit <br \/>Aidshilfe Freiburg \u2013 Offenburg e.V.<\/strong><\/h2><p>B\u00fcggenreuterstr.12<br \/>79106 Freiburg<\/p><p><strong>Vereinsregister:<\/strong> <br \/>VR 1785<br \/>Registergericht:<br \/>Vereinsregister des Amtsgerichts Freiburg i.Br.<\/p><p><strong>Vertretungsberechtigte <\/strong><\/p><p><strong>Gesch\u00e4fstf\u00fchrer:<br \/>Dr. Philipp Redl<\/strong><\/p><p><strong>Vorstand<\/strong>:<br \/>Petra Schwarz, Dominik Beck, Sebastian Heusel<\/p><h3><strong>Kontak<\/strong>t<\/h3><p>Telefon: +49 761-1514664-0<br \/>E-Mail: kontakt@zsg-freiburg.de<\/p><h3>Redaktionell verantwortlich<\/h3><p>Zentrum f\u00fcr Sexuelle Gesundheit; Aidshilfe Freiburg \u2013 Offenburg e.V.<\/p><h3>Vertretungsberechtigte Gesch\u00e4ftsf\u00fchrung:<\/h3><p><span style=\"--brlbs-tw-scale-x: 1; --brlbs-tw-scale-y: 1; --brlbs-tw-scroll-snap-strictness: proximity; --brlbs-tw-ring-offset-width: 0px; --brlbs-tw-ring-offset-color: #fff; --brlbs-tw-ring-color: rgba(59,130,246,.5); --brlbs-tw-ring-offset-shadow: 0 0 #0000; --brlbs-tw-ring-shadow: 0 0 #0000; --brlbs-tw-shadow: 0 0 #0000; --brlbs-tw-shadow-colored: 0 0 #0000; font-weight: bolder;\">Vorstand<\/span>:<br style=\"--brlbs-tw-scale-x: 1; --brlbs-tw-scale-y: 1; --brlbs-tw-scroll-snap-strictness: proximity; --brlbs-tw-ring-offset-width: 0px; --brlbs-tw-ring-offset-color: #fff; --brlbs-tw-ring-color: rgba(59,130,246,.5); --brlbs-tw-ring-offset-shadow: 0 0 #0000; --brlbs-tw-ring-shadow: 0 0 #0000; --brlbs-tw-shadow: 0 0 #0000; --brlbs-tw-shadow-colored: 0 0 #0000;\" \/>Petra Schwarz, Dominik Beck, Sebastian Heusel<\/p><h3>Beauftragte*r f\u00fcr Medizinproduktesicherheit:<\/h3><p><a href=\"mailto:mps@checkpoint-freiburg.de\">mps@checkpoint-freiburg.de<\/a><\/p><h3>Dieses Impressum gilt auch f\u00fcr die folgenden Profile unseres Vereins:<\/h3><p><a href=\"http:\/\/www.facebook.com\/aidshilfefreiburg\" target=\"_blank\" rel=\"noopener\">www.facebook.com\/aidshilfefreiburg<\/a> <br \/><a href=\"https:\/\/checkpoint-freiburg.de\/en\/\" target=\"_blank\" rel=\"noopener\">www.checkpoint-freiburg.de<\/a><\/p><h3>Gestaltung und Umsetzung der Webseite:<\/h3><p class=\"p1\"><span class=\"s1\"><b>Stefan Lamb<\/b> <br \/><\/span><span class=\"s1\">medienatelier freiburg.<\/span><\/p><p class=\"p2\"><span class=\"s2\"><a href=\"https:\/\/medienatelier-freiburg.de\/\" target=\"_blank\" rel=\"noopener\">medienatelier-freiburg.de<\/a><br \/><\/span><span class=\"s2\"><a href=\"https:\/\/stefanlamb.de\/\" target=\"_blank\" rel=\"noopener\">stefanlamb.de<\/a><\/span><\/p>\t\t\t\t\t\t\t\t<\/div>\n\t\t\t\t<\/div>\n\t\t\t\t\t<\/div>\n\t\t<\/div>\n\t\t\t\t\t<\/div>\n\t\t<\/section>\n\t\t\t\t<\/div>","protected":false},"excerpt":{"rendered":"<p>Zentrum f\u00fcr Sexuelle Gesundheit Aidshilfe Freiburg \u2013 Offenburg e.V. B\u00fcggenreuterstr.1279106 Freiburg Vereinsregister: VR 1785Registergericht:Vereinsregister des Amtsgerichts Freiburg i.Br. Vertretungsberechtigte Gesch\u00e4fstf\u00fchrer:Dr. Philipp Redl Vorstand:Petra Schwarz, Dominik Beck, Sebastian Heusel Kontakt Telefon: +49 761-1514664-0E-Mail: kontakt@zsg-freiburg.de Redaktionell verantwortlich Zentrum f\u00fcr Sexuelle Gesundheit; Aidshilfe Freiburg \u2013 Offenburg e.V. Vertretungsberechtigte Gesch\u00e4ftsf\u00fchrung: Vorstand:Petra Schwarz, Dominik Beck, Sebastian Heusel Beauftragte*r f\u00fcr Medizinproduktesicherheit: [&hellip;]<\/p>","protected":false},"author":1,"featured_media":0,"parent":0,"menu_order":0,"comment_status":"closed","ping_status":"closed","template":"","meta":{"footnotes":""},"class_list":["post-481","page","type-page","status-publish","hentry"],"yoast_head":"<!-- This site is optimized with the Yoast SEO plugin v26.7 - https:\/\/yoast.com\/wordpress\/plugins\/seo\/ -->\n<title>Impressum - Checkpoint Freiburg<\/title>\n<meta name=\"robots\" content=\"index, follow, max-snippet:-1, max-image-preview:large, max-video-preview:-1\" \/>\n<link rel=\"canonical\" href=\"https:\/\/checkpoint-freiburg.de\/en\/impressum\/\" \/>\n<meta property=\"og:locale\" content=\"en_GB\" \/>\n<meta property=\"og:type\" content=\"article\" \/>\n<meta property=\"og:title\" content=\"Impressum - Checkpoint Freiburg\" \/>\n<meta property=\"og:description\" content=\"Zentrum f\u00fcr Sexuelle Gesundheit Aidshilfe Freiburg \u2013 Offenburg e.V. B\u00fcggenreuterstr.1279106 Freiburg Vereinsregister: VR 1785Registergericht:Vereinsregister des Amtsgerichts Freiburg i.Br. Vertretungsberechtigte Gesch\u00e4fstf\u00fchrer:Dr. Philipp Redl Vorstand:Petra Schwarz, Dominik Beck, Sebastian Heusel Kontakt Telefon: +49 761-1514664-0E-Mail: kontakt@zsg-freiburg.de Redaktionell verantwortlich Zentrum f\u00fcr Sexuelle Gesundheit; Aidshilfe Freiburg \u2013 Offenburg e.V. Vertretungsberechtigte Gesch\u00e4ftsf\u00fchrung: Vorstand:Petra Schwarz, Dominik Beck, Sebastian Heusel Beauftragte*r f\u00fcr Medizinproduktesicherheit: [&hellip;]\" \/>\n<meta property=\"og:url\" content=\"https:\/\/checkpoint-freiburg.de\/en\/impressum\/\" \/>\n<meta property=\"og:site_name\" content=\"Checkpoint Freiburg\" \/>\n<meta property=\"article:modified_time\" content=\"2026-01-07T13:03:26+00:00\" \/>\n<meta name=\"twitter:card\" content=\"summary_large_image\" \/>\n<meta name=\"twitter:label1\" content=\"Estimated reading time\" \/>\n\t<meta name=\"twitter:data1\" content=\"1 minute\" \/>\n<script type=\"application\/ld+json\" class=\"yoast-schema-graph\">{\"@context\":\"https:\/\/schema.org\",\"@graph\":[{\"@type\":\"WebPage\",\"@id\":\"https:\/\/checkpoint-freiburg.de\/impressum\/\",\"url\":\"https:\/\/checkpoint-freiburg.de\/impressum\/\",\"name\":\"Impressum - Checkpoint Freiburg\",\"isPartOf\":{\"@id\":\"https:\/\/checkpoint-freiburg.de\/#website\"},\"datePublished\":\"2022-03-08T15:34:21+00:00\",\"dateModified\":\"2026-01-07T13:03:26+00:00\",\"breadcrumb\":{\"@id\":\"https:\/\/checkpoint-freiburg.de\/impressum\/#breadcrumb\"},\"inLanguage\":\"en-GB\",\"potentialAction\":[{\"@type\":\"ReadAction\",\"target\":[\"https:\/\/checkpoint-freiburg.de\/impressum\/\"]}]},{\"@type\":\"BreadcrumbList\",\"@id\":\"https:\/\/checkpoint-freiburg.de\/impressum\/#breadcrumb\",\"itemListElement\":[{\"@type\":\"ListItem\",\"position\":1,\"name\":\"Startseite\",\"item\":\"https:\/\/checkpoint-freiburg.de\/\"},{\"@type\":\"ListItem\",\"position\":2,\"name\":\"Impressum\"}]},{\"@type\":\"WebSite\",\"@id\":\"https:\/\/checkpoint-freiburg.de\/#website\",\"url\":\"https:\/\/checkpoint-freiburg.de\/\",\"name\":\"Checkpoint Freiburg\",\"description\":\"\",\"publisher\":{\"@id\":\"https:\/\/checkpoint-freiburg.de\/#organization\"},\"potentialAction\":[{\"@type\":\"SearchAction\",\"target\":{\"@type\":\"EntryPoint\",\"urlTemplate\":\"https:\/\/checkpoint-freiburg.de\/?s={search_term_string}\"},\"query-input\":{\"@type\":\"PropertyValueSpecification\",\"valueRequired\":true,\"valueName\":\"search_term_string\"}}],\"inLanguage\":\"en-GB\"},{\"@type\":\"Organization\",\"@id\":\"https:\/\/checkpoint-freiburg.de\/#organization\",\"name\":\"Checkpoint Aidshilfe Freiburg\",\"url\":\"https:\/\/checkpoint-freiburg.de\/\",\"logo\":{\"@type\":\"ImageObject\",\"inLanguage\":\"en-GB\",\"@id\":\"https:\/\/checkpoint-freiburg.de\/#\/schema\/logo\/image\/\",\"url\":\"https:\/\/checkpoint-freiburg.de\/wp-content\/uploads\/2022\/03\/checkpoint_logo.png\",\"contentUrl\":\"https:\/\/checkpoint-freiburg.de\/wp-content\/uploads\/2022\/03\/checkpoint_logo.png\",\"width\":700,\"height\":161,\"caption\":\"Checkpoint Aidshilfe Freiburg\"},\"image\":{\"@id\":\"https:\/\/checkpoint-freiburg.de\/#\/schema\/logo\/image\/\"}}]}<\/script>\n<!-- \/ Yoast SEO plugin. -->","yoast_head_json":{"title":"Impressum - Checkpoint Freiburg","robots":{"index":"index","follow":"follow","max-snippet":"max-snippet:-1","max-image-preview":"max-image-preview:large","max-video-preview":"max-video-preview:-1"},"canonical":"https:\/\/checkpoint-freiburg.de\/en\/impressum\/","og_locale":"en_GB","og_type":"article","og_title":"Impressum - Checkpoint Freiburg","og_description":"Zentrum f\u00fcr Sexuelle Gesundheit Aidshilfe Freiburg \u2013 Offenburg e.V. B\u00fcggenreuterstr.1279106 Freiburg Vereinsregister: VR 1785Registergericht:Vereinsregister des Amtsgerichts Freiburg i.Br. Vertretungsberechtigte Gesch\u00e4fstf\u00fchrer:Dr. Philipp Redl Vorstand:Petra Schwarz, Dominik Beck, Sebastian Heusel Kontakt Telefon: +49 761-1514664-0E-Mail: kontakt@zsg-freiburg.de Redaktionell verantwortlich Zentrum f\u00fcr Sexuelle Gesundheit; Aidshilfe Freiburg \u2013 Offenburg e.V. Vertretungsberechtigte Gesch\u00e4ftsf\u00fchrung: Vorstand:Petra Schwarz, Dominik Beck, Sebastian Heusel Beauftragte*r f\u00fcr Medizinproduktesicherheit: [&hellip;]","og_url":"https:\/\/checkpoint-freiburg.de\/en\/impressum\/","og_site_name":"Checkpoint Freiburg","article_modified_time":"2026-01-07T13:03:26+00:00","twitter_card":"summary_large_image","twitter_misc":{"Estimated reading time":"1 minute"},"schema":{"@context":"https:\/\/schema.org","@graph":[{"@type":"WebPage","@id":"https:\/\/checkpoint-freiburg.de\/impressum\/","url":"https:\/\/checkpoint-freiburg.de\/impressum\/","name":"Impressum - Checkpoint Freiburg","isPartOf":{"@id":"https:\/\/checkpoint-freiburg.de\/#website"},"datePublished":"2022-03-08T15:34:21+00:00","dateModified":"2026-01-07T13:03:26+00:00","breadcrumb":{"@id":"https:\/\/checkpoint-freiburg.de\/impressum\/#breadcrumb"},"inLanguage":"en-GB","potentialAction":[{"@type":"ReadAction","target":["https:\/\/checkpoint-freiburg.de\/impressum\/"]}]},{"@type":"BreadcrumbList","@id":"https:\/\/checkpoint-freiburg.de\/impressum\/#breadcrumb","itemListElement":[{"@type":"ListItem","position":1,"name":"Startseite","item":"https:\/\/checkpoint-freiburg.de\/"},{"@type":"ListItem","position":2,"name":"Impressum"}]},{"@type":"WebSite","@id":"https:\/\/checkpoint-freiburg.de\/#website","url":"https:\/\/checkpoint-freiburg.de\/","name":"Checkpoint Freiburg","description":"","publisher":{"@id":"https:\/\/checkpoint-freiburg.de\/#organization"},"potentialAction":[{"@type":"SearchAction","target":{"@type":"EntryPoint","urlTemplate":"https:\/\/checkpoint-freiburg.de\/?s={search_term_string}"},"query-input":{"@type":"PropertyValueSpecification","valueRequired":true,"valueName":"search_term_string"}}],"inLanguage":"en-GB"},{"@type":"Organization","@id":"https:\/\/checkpoint-freiburg.de\/#organization","name":"Checkpoint Aidshilfe Freiburg","url":"https:\/\/checkpoint-freiburg.de\/","logo":{"@type":"ImageObject","inLanguage":"en-GB","@id":"https:\/\/checkpoint-freiburg.de\/#\/schema\/logo\/image\/","url":"https:\/\/checkpoint-freiburg.de\/wp-content\/uploads\/2022\/03\/checkpoint_logo.png","contentUrl":"https:\/\/checkpoint-freiburg.de\/wp-content\/uploads\/2022\/03\/checkpoint_logo.png","width":700,"height":161,"caption":"Checkpoint Aidshilfe Freiburg"},"image":{"@id":"https:\/\/checkpoint-freiburg.de\/#\/schema\/logo\/image\/"}}]}},"_links":{"self":[{"href":"https:\/\/checkpoint-freiburg.de\/en\/wp-json\/wp\/v2\/pages\/481","targetHints":{"allow":["GET"]}}],"collection":[{"href":"https:\/\/checkpoint-freiburg.de\/en\/wp-json\/wp\/v2\/pages"}],"about":[{"href":"https:\/\/checkpoint-freiburg.de\/en\/wp-json\/wp\/v2\/types\/page"}],"author":[{"embeddable":true,"href":"https:\/\/checkpoint-freiburg.de\/en\/wp-json\/wp\/v2\/users\/1"}],"replies":[{"embeddable":true,"href":"https:\/\/checkpoint-freiburg.de\/en\/wp-json\/wp\/v2\/comments?post=481"}],"version-history":[{"count":64,"href":"https:\/\/checkpoint-freiburg.de\/en\/wp-json\/wp\/v2\/pages\/481\/revisions"}],"predecessor-version":[{"id":1527,"href":"https:\/\/checkpoint-freiburg.de\/en\/wp-json\/wp\/v2\/pages\/481\/revisions\/1527"}],"wp:attachment":[{"href":"https:\/\/checkpoint-freiburg.de\/en\/wp-json\/wp\/v2\/media?parent=481"}],"curies":[{"name":"wp","href":"https:\/\/api.w.org\/{rel}","templated":true}]}}