{"id":1430,"date":"2025-06-18T16:00:44","date_gmt":"2025-06-18T14:00:44","guid":{"rendered":"https:\/\/checkpoint-freiburg.de\/accessibility-statement\/"},"modified":"2025-06-18T16:08:40","modified_gmt":"2025-06-18T14:08:40","slug":"accessibility-statement","status":"publish","type":"page","link":"https:\/\/checkpoint-freiburg.de\/en\/accessibility-statement\/","title":{"rendered":"Erkl\u00e4rung zur Barrierefreiheit"},"content":{"rendered":"<div data-elementor-type=\"wp-page\" data-elementor-id=\"1430\" class=\"elementor elementor-1430\" data-elementor-post-type=\"page\">\n\t\t\t\t\t\t<section class=\"elementor-section elementor-top-section elementor-element elementor-element-227c085a elementor-section-boxed elementor-section-height-default elementor-section-height-default\" data-id=\"227c085a\" data-element_type=\"section\">\n\t\t\t\t\t\t<div class=\"elementor-container elementor-column-gap-default\">\n\t\t\t\t\t<div class=\"elementor-column elementor-col-100 elementor-top-column elementor-element elementor-element-75368819\" data-id=\"75368819\" data-element_type=\"column\">\n\t\t\t<div class=\"elementor-widget-wrap elementor-element-populated\">\n\t\t\t\t\t\t<div class=\"elementor-element elementor-element-4f1a7013 elementor-widget elementor-widget-text-editor\" data-id=\"4f1a7013\" data-element_type=\"widget\" data-widget_type=\"text-editor.default\">\n\t\t\t\t<div class=\"elementor-widget-container\">\n\t\t\t\t\t\t\t\t\t<h2>Deine Meinung z\u00e4hlt \u2013 Barrierefreiheit auf unserer Website<\/h2><p>Uns ist wichtig, dass jeder Mensch unsere Website ohne Einschr\u00e4nkungen nutzen kann \u2013 unabh\u00e4ngig von individuellen F\u00e4higkeiten. Deshalb arbeiten wir daran, unsere Inhalte so barrierefrei wie m\u00f6glich zu gestalten.<\/p><p>Trotz aller Bem\u00fchungen kann es sein, dass manche Inhalte noch nicht perfekt zug\u00e4nglich sind. Sollte Dir etwas auffallen, das nicht funktioniert oder verbessert werden k\u00f6nnte, sag uns bitte Bescheid \u2013 wir freuen uns \u00fcber Deine R\u00fcckmeldung!<\/p><p><strong>Kontakt: <\/strong><a href=\"mailto:team@checkpoint-freiburg.de\">team@checkpoint-freiburg.de<\/a><br \/><strong>Antwortzeit:<\/strong> in der Regel 3\u20135 Werktage<\/p><p>Vielen Dank f\u00fcr Ihre Unterst\u00fctzung und Ihr Verst\u00e4ndnis.<\/p><p><!-- \/wp:paragraph --><\/p>\t\t\t\t\t\t\t\t<\/div>\n\t\t\t\t<\/div>\n\t\t\t\t\t<\/div>\n\t\t<\/div>\n\t\t\t\t\t<\/div>\n\t\t<\/section>\n\t\t\t\t<\/div>","protected":false},"excerpt":{"rendered":"<p>Deine Meinung z\u00e4hlt \u2013 Barrierefreiheit auf unserer Website Uns ist wichtig, dass jeder Mensch unsere Website ohne Einschr\u00e4nkungen nutzen kann \u2013 unabh\u00e4ngig von individuellen F\u00e4higkeiten. Deshalb arbeiten wir daran, unsere Inhalte so barrierefrei wie m\u00f6glich zu gestalten. Trotz aller Bem\u00fchungen kann es sein, dass manche Inhalte noch nicht perfekt zug\u00e4nglich sind. Sollte Dir etwas auffallen, [&hellip;]<\/p>","protected":false},"author":1,"featured_media":0,"parent":0,"menu_order":0,"comment_status":"closed","ping_status":"closed","template":"","meta":{"footnotes":""},"class_list":["post-1430","page","type-page","status-publish","hentry"],"yoast_head":"<!-- This site is optimized with the Yoast SEO plugin v26.7 - https:\/\/yoast.com\/wordpress\/plugins\/seo\/ -->\n<title>Erkl\u00e4rung zur Barrierefreiheit - Checkpoint Freiburg<\/title>\n<meta name=\"robots\" content=\"index, follow, max-snippet:-1, max-image-preview:large, max-video-preview:-1\" \/>\n<link rel=\"canonical\" href=\"https:\/\/checkpoint-freiburg.de\/en\/accessibility-statement\/\" \/>\n<meta property=\"og:locale\" content=\"en_GB\" \/>\n<meta property=\"og:type\" content=\"article\" \/>\n<meta property=\"og:title\" content=\"Erkl\u00e4rung zur Barrierefreiheit - Checkpoint Freiburg\" \/>\n<meta property=\"og:description\" content=\"Deine Meinung z\u00e4hlt \u2013 Barrierefreiheit auf unserer Website Uns ist wichtig, dass jeder Mensch unsere Website ohne Einschr\u00e4nkungen nutzen kann \u2013 unabh\u00e4ngig von individuellen F\u00e4higkeiten. Deshalb arbeiten wir daran, unsere Inhalte so barrierefrei wie m\u00f6glich zu gestalten. Trotz aller Bem\u00fchungen kann es sein, dass manche Inhalte noch nicht perfekt zug\u00e4nglich sind. Sollte Dir etwas auffallen, [&hellip;]\" \/>\n<meta property=\"og:url\" content=\"https:\/\/checkpoint-freiburg.de\/en\/accessibility-statement\/\" \/>\n<meta property=\"og:site_name\" content=\"Checkpoint Freiburg\" \/>\n<meta property=\"article:modified_time\" content=\"2025-06-18T14:08:40+00:00\" \/>\n<meta name=\"twitter:card\" content=\"summary_large_image\" \/>\n<meta name=\"twitter:label1\" content=\"Estimated reading time\" \/>\n\t<meta name=\"twitter:data1\" content=\"1 minute\" \/>\n<script type=\"application\/ld+json\" class=\"yoast-schema-graph\">{\"@context\":\"https:\/\/schema.org\",\"@graph\":[{\"@type\":\"WebPage\",\"@id\":\"https:\/\/checkpoint-freiburg.de\/accessibility-statement\/\",\"url\":\"https:\/\/checkpoint-freiburg.de\/accessibility-statement\/\",\"name\":\"Erkl\u00e4rung zur Barrierefreiheit - Checkpoint Freiburg\",\"isPartOf\":{\"@id\":\"https:\/\/checkpoint-freiburg.de\/#website\"},\"datePublished\":\"2025-06-18T14:00:44+00:00\",\"dateModified\":\"2025-06-18T14:08:40+00:00\",\"breadcrumb\":{\"@id\":\"https:\/\/checkpoint-freiburg.de\/accessibility-statement\/#breadcrumb\"},\"inLanguage\":\"en-GB\",\"potentialAction\":[{\"@type\":\"ReadAction\",\"target\":[\"https:\/\/checkpoint-freiburg.de\/accessibility-statement\/\"]}]},{\"@type\":\"BreadcrumbList\",\"@id\":\"https:\/\/checkpoint-freiburg.de\/accessibility-statement\/#breadcrumb\",\"itemListElement\":[{\"@type\":\"ListItem\",\"position\":1,\"name\":\"Startseite\",\"item\":\"https:\/\/checkpoint-freiburg.de\/\"},{\"@type\":\"ListItem\",\"position\":2,\"name\":\"Erkl\u00e4rung zur Barrierefreiheit\"}]},{\"@type\":\"WebSite\",\"@id\":\"https:\/\/checkpoint-freiburg.de\/#website\",\"url\":\"https:\/\/checkpoint-freiburg.de\/\",\"name\":\"Checkpoint Freiburg\",\"description\":\"\",\"publisher\":{\"@id\":\"https:\/\/checkpoint-freiburg.de\/#organization\"},\"potentialAction\":[{\"@type\":\"SearchAction\",\"target\":{\"@type\":\"EntryPoint\",\"urlTemplate\":\"https:\/\/checkpoint-freiburg.de\/?s={search_term_string}\"},\"query-input\":{\"@type\":\"PropertyValueSpecification\",\"valueRequired\":true,\"valueName\":\"search_term_string\"}}],\"inLanguage\":\"en-GB\"},{\"@type\":\"Organization\",\"@id\":\"https:\/\/checkpoint-freiburg.de\/#organization\",\"name\":\"Checkpoint Aidshilfe Freiburg\",\"url\":\"https:\/\/checkpoint-freiburg.de\/\",\"logo\":{\"@type\":\"ImageObject\",\"inLanguage\":\"en-GB\",\"@id\":\"https:\/\/checkpoint-freiburg.de\/#\/schema\/logo\/image\/\",\"url\":\"https:\/\/checkpoint-freiburg.de\/wp-content\/uploads\/2022\/03\/checkpoint_logo.png\",\"contentUrl\":\"https:\/\/checkpoint-freiburg.de\/wp-content\/uploads\/2022\/03\/checkpoint_logo.png\",\"width\":700,\"height\":161,\"caption\":\"Checkpoint Aidshilfe Freiburg\"},\"image\":{\"@id\":\"https:\/\/checkpoint-freiburg.de\/#\/schema\/logo\/image\/\"}}]}<\/script>\n<!-- \/ Yoast SEO plugin. -->","yoast_head_json":{"title":"Erkl\u00e4rung zur Barrierefreiheit - Checkpoint Freiburg","robots":{"index":"index","follow":"follow","max-snippet":"max-snippet:-1","max-image-preview":"max-image-preview:large","max-video-preview":"max-video-preview:-1"},"canonical":"https:\/\/checkpoint-freiburg.de\/en\/accessibility-statement\/","og_locale":"en_GB","og_type":"article","og_title":"Erkl\u00e4rung zur Barrierefreiheit - Checkpoint Freiburg","og_description":"Deine Meinung z\u00e4hlt \u2013 Barrierefreiheit auf unserer Website Uns ist wichtig, dass jeder Mensch unsere Website ohne Einschr\u00e4nkungen nutzen kann \u2013 unabh\u00e4ngig von individuellen F\u00e4higkeiten. Deshalb arbeiten wir daran, unsere Inhalte so barrierefrei wie m\u00f6glich zu gestalten. Trotz aller Bem\u00fchungen kann es sein, dass manche Inhalte noch nicht perfekt zug\u00e4nglich sind. Sollte Dir etwas auffallen, [&hellip;]","og_url":"https:\/\/checkpoint-freiburg.de\/en\/accessibility-statement\/","og_site_name":"Checkpoint Freiburg","article_modified_time":"2025-06-18T14:08:40+00:00","twitter_card":"summary_large_image","twitter_misc":{"Estimated reading time":"1 minute"},"schema":{"@context":"https:\/\/schema.org","@graph":[{"@type":"WebPage","@id":"https:\/\/checkpoint-freiburg.de\/accessibility-statement\/","url":"https:\/\/checkpoint-freiburg.de\/accessibility-statement\/","name":"Erkl\u00e4rung zur Barrierefreiheit - Checkpoint Freiburg","isPartOf":{"@id":"https:\/\/checkpoint-freiburg.de\/#website"},"datePublished":"2025-06-18T14:00:44+00:00","dateModified":"2025-06-18T14:08:40+00:00","breadcrumb":{"@id":"https:\/\/checkpoint-freiburg.de\/accessibility-statement\/#breadcrumb"},"inLanguage":"en-GB","potentialAction":[{"@type":"ReadAction","target":["https:\/\/checkpoint-freiburg.de\/accessibility-statement\/"]}]},{"@type":"BreadcrumbList","@id":"https:\/\/checkpoint-freiburg.de\/accessibility-statement\/#breadcrumb","itemListElement":[{"@type":"ListItem","position":1,"name":"Startseite","item":"https:\/\/checkpoint-freiburg.de\/"},{"@type":"ListItem","position":2,"name":"Erkl\u00e4rung zur Barrierefreiheit"}]},{"@type":"WebSite","@id":"https:\/\/checkpoint-freiburg.de\/#website","url":"https:\/\/checkpoint-freiburg.de\/","name":"Checkpoint Freiburg","description":"","publisher":{"@id":"https:\/\/checkpoint-freiburg.de\/#organization"},"potentialAction":[{"@type":"SearchAction","target":{"@type":"EntryPoint","urlTemplate":"https:\/\/checkpoint-freiburg.de\/?s={search_term_string}"},"query-input":{"@type":"PropertyValueSpecification","valueRequired":true,"valueName":"search_term_string"}}],"inLanguage":"en-GB"},{"@type":"Organization","@id":"https:\/\/checkpoint-freiburg.de\/#organization","name":"Checkpoint Aidshilfe Freiburg","url":"https:\/\/checkpoint-freiburg.de\/","logo":{"@type":"ImageObject","inLanguage":"en-GB","@id":"https:\/\/checkpoint-freiburg.de\/#\/schema\/logo\/image\/","url":"https:\/\/checkpoint-freiburg.de\/wp-content\/uploads\/2022\/03\/checkpoint_logo.png","contentUrl":"https:\/\/checkpoint-freiburg.de\/wp-content\/uploads\/2022\/03\/checkpoint_logo.png","width":700,"height":161,"caption":"Checkpoint Aidshilfe Freiburg"},"image":{"@id":"https:\/\/checkpoint-freiburg.de\/#\/schema\/logo\/image\/"}}]}},"_links":{"self":[{"href":"https:\/\/checkpoint-freiburg.de\/en\/wp-json\/wp\/v2\/pages\/1430","targetHints":{"allow":["GET"]}}],"collection":[{"href":"https:\/\/checkpoint-freiburg.de\/en\/wp-json\/wp\/v2\/pages"}],"about":[{"href":"https:\/\/checkpoint-freiburg.de\/en\/wp-json\/wp\/v2\/types\/page"}],"author":[{"embeddable":true,"href":"https:\/\/checkpoint-freiburg.de\/en\/wp-json\/wp\/v2\/users\/1"}],"replies":[{"embeddable":true,"href":"https:\/\/checkpoint-freiburg.de\/en\/wp-json\/wp\/v2\/comments?post=1430"}],"version-history":[{"count":13,"href":"https:\/\/checkpoint-freiburg.de\/en\/wp-json\/wp\/v2\/pages\/1430\/revisions"}],"predecessor-version":[{"id":1446,"href":"https:\/\/checkpoint-freiburg.de\/en\/wp-json\/wp\/v2\/pages\/1430\/revisions\/1446"}],"wp:attachment":[{"href":"https:\/\/checkpoint-freiburg.de\/en\/wp-json\/wp\/v2\/media?parent=1430"}],"curies":[{"name":"wp","href":"https:\/\/api.w.org\/{rel}","templated":true}]}}